{"id":7889,"date":"2025-08-29T14:11:34","date_gmt":"2025-08-29T14:11:34","guid":{"rendered":"https:\/\/corecut.com.tr\/?page_id=7889"},"modified":"2025-09-10T20:18:52","modified_gmt":"2025-09-10T20:18:52","slug":"teklif-al","status":"publish","type":"page","link":"https:\/\/corecut.com.tr\/es\/teklif-al\/","title":{"rendered":"Obtener oferta"},"content":{"rendered":"<div data-elementor-type=\"wp-page\" data-elementor-id=\"7889\" class=\"elementor elementor-7889\" data-elementor-post-type=\"page\">\n\t\t\t\t<div class=\"elementor-element elementor-element-318dab1c e-flex e-con-boxed e-con e-parent\" data-id=\"318dab1c\" data-element_type=\"container\" data-settings=\"{&quot;background_background&quot;:&quot;classic&quot;}\">\n\t\t\t\t\t<div class=\"e-con-inner\">\n\t\t\t\t<div class=\"elementor-element elementor-element-2894b5 elementor-widget elementor-widget-elementskit-heading\" data-id=\"2894b5\" data-element_type=\"widget\" data-settings=\"{&quot;ekit_we_effect_on&quot;:&quot;none&quot;}\" data-widget_type=\"elementskit-heading.default\">\n\t\t\t\t\t<div class=\"ekit-wid-con\" ><div class=\"ekit-heading elementskit-section-title-wraper text_left   ekit_heading_tablet-   ekit_heading_mobile-\"><h2 class=\"ekit-heading--title elementskit-section-title\">TEKL\u0130F FORMU<\/h2><\/div><\/div>\t\t\t\t<\/div>\n\t\t\t\t\t<\/div>\n\t\t\t\t<\/div>\n\t\t<div class=\"elementor-element elementor-element-5a01a9c3 e-flex e-con-boxed e-con e-parent\" data-id=\"5a01a9c3\" data-element_type=\"container\">\n\t\t\t\t\t<div class=\"e-con-inner\">\n\t\t<div class=\"elementor-element elementor-element-5fc5cf21 e-con-full e-flex e-con e-child\" data-id=\"5fc5cf21\" data-element_type=\"container\">\n\t\t\t\t<div class=\"elementor-element elementor-element-8a0c51e elementor-widget elementor-widget-heading\" data-id=\"8a0c51e\" data-element_type=\"widget\" data-settings=\"{&quot;ekit_we_effect_on&quot;:&quot;none&quot;}\" data-widget_type=\"heading.default\">\n\t\t\t\t\t<h2 class=\"elementor-heading-title elementor-size-default\">A\u00e7\u0131klamalar<\/h2>\t\t\t\t<\/div>\n\t\t\t\t<div class=\"elementor-element elementor-element-16612c18 elementor-widget elementor-widget-text-editor\" data-id=\"16612c18\" data-element_type=\"widget\" data-settings=\"{&quot;ekit_we_effect_on&quot;:&quot;none&quot;}\" data-widget_type=\"text-editor.default\">\n\t\t\t\t\t\t\t\t\t<p>\u0130htiyac\u0131n\u0131za \u00f6zel \u00e7\u00f6z\u00fcmler i\u00e7in a\u015fa\u011f\u0131daki formu doldurarak bize ula\u015fabilirsiniz.<\/p><p>Size en do\u011fru teklifi sunabilmemiz i\u00e7in hizmet ba\u015fl\u0131\u011f\u0131n\u0131z\u0131 se\u00e7ip talebinizi ayr\u0131nt\u0131l\u0131 \u015fekilde payla\u015fman\u0131z yeterli.<\/p><p>Projenize dair teknik detaylar\u0131, \u00e7izimleri veya referans dok\u00fcmanlar\u0131n\u0131 y\u00fckleyebilir; talebinizi bize net bir \u015fekilde iletebilirsiniz.<\/p><p class=\"translation-block\">G\u00f6nderece\u011finiz t\u00fcm bilgiler,&nbsp;<strong>info@corecut.com.tr<\/strong>&nbsp;adresine do\u011frudan y\u00f6nlendirilecektir.<\/p><p><br \/>Size en k\u0131sa s\u00fcrede d\u00f6n\u00fc\u015f yapmaktan memnuniyet duyar\u0131z.<\/p>\t\t\t\t\t\t\t\t<\/div>\n\t\t\t\t<div class=\"elementor-element elementor-element-e4c64bb elementor-widget elementor-widget-image\" data-id=\"e4c64bb\" data-element_type=\"widget\" data-settings=\"{&quot;ekit_we_effect_on&quot;:&quot;none&quot;}\" data-widget_type=\"image.default\">\n\t\t\t\t\t\t\t\t\t\t\t\t\t\t\t<img fetchpriority=\"high\" decoding=\"async\" width=\"1024\" height=\"917\" src=\"https:\/\/corecut.com.tr\/wp-content\/uploads\/2025\/09\/l560V-Laser-machine-1024x917.webp\" class=\"attachment-large size-large wp-image-8095\" alt=\"\" srcset=\"https:\/\/corecut.com.tr\/wp-content\/uploads\/2025\/09\/l560V-Laser-machine-1024x917.webp 1024w, https:\/\/corecut.com.tr\/wp-content\/uploads\/2025\/09\/l560V-Laser-machine-300x269.webp 300w, https:\/\/corecut.com.tr\/wp-content\/uploads\/2025\/09\/l560V-Laser-machine-768x688.webp 768w, https:\/\/corecut.com.tr\/wp-content\/uploads\/2025\/09\/l560V-Laser-machine-13x12.webp 13w, https:\/\/corecut.com.tr\/wp-content\/uploads\/2025\/09\/l560V-Laser-machine.webp 1188w\" sizes=\"(max-width: 1024px) 100vw, 1024px\" \/>\t\t\t\t\t\t\t\t\t\t\t\t\t\t\t<\/div>\n\t\t\t\t<\/div>\n\t\t<div class=\"elementor-element elementor-element-253556e9 e-con-full e-flex e-con e-child\" data-id=\"253556e9\" data-element_type=\"container\">\n\t\t\t\t<div class=\"elementor-element elementor-element-a7ae6f7 elementor-widget elementor-widget-shortcode\" data-id=\"a7ae6f7\" data-element_type=\"widget\" data-settings=\"{&quot;ekit_we_effect_on&quot;:&quot;none&quot;}\" data-widget_type=\"shortcode.default\">\n\t\t\t\t\t\t\t<div class=\"elementor-shortcode\">\n<div class=\"wpcf7 no-js\" id=\"wpcf7-f7894-o1\" lang=\"tr-TR\" dir=\"ltr\" data-wpcf7-id=\"7894\">\n<div class=\"screen-reader-response\"><p role=\"status\" aria-live=\"polite\" aria-atomic=\"true\"><\/p> <ul><\/ul><\/div>\n<form action=\"\/es\/wp-json\/wp\/v2\/pages\/7889#wpcf7-f7894-o1\" method=\"post\" class=\"wpcf7-form init\" aria-label=\"\u0130leti\u015fim Formu\" enctype=\"multipart\/form-data\" novalidate=\"novalidate\" data-status=\"init\" data-trp-original-action=\"\/es\/wp-json\/wp\/v2\/pages\/7889#wpcf7-f7894-o1\">\n<fieldset class=\"hidden-fields-container\"><input type=\"hidden\" name=\"_wpcf7\" value=\"7894\" \/><input type=\"hidden\" name=\"_wpcf7_version\" value=\"6.1.1\" \/><input type=\"hidden\" name=\"_wpcf7_locale\" value=\"tr_TR\" \/><input type=\"hidden\" name=\"_wpcf7_unit_tag\" value=\"wpcf7-f7894-o1\" \/><input type=\"hidden\" name=\"_wpcf7_container_post\" value=\"0\" \/><input type=\"hidden\" name=\"_wpcf7_posted_data_hash\" value=\"\" \/>\n<\/fieldset>\n<div class=\"kurumsal-teklif-formu\">\n\t<h3>Teklif Formu\n\t<\/h3>\n\t<p>Para obtener informaci\u00f3n sobre nuestros servicios y solicitar un presupuesto, rellene el siguiente formulario. Nuestro equipo se pondr\u00e1 en contacto con usted lo antes posible.\n\t<\/p>\n\t<div class=\"form-row\">\n\t\t<div class=\"form-col\">\n\t\t\t<p><label for=\"ad-soyad\">Nombre<\/label><br \/>\n<span class=\"wpcf7-form-control-wrap\" data-name=\"your-name\"><input size=\"40\" maxlength=\"400\" class=\"wpcf7-form-control wpcf7-text wpcf7-validates-as-required form-control\" id=\"ad-soyad\" aria-required=\"true\" aria-invalid=\"false\" placeholder=\"Introduzca su nombre o el nombre de su empresa.\" value=\"\" type=\"text\" name=\"your-name\" \/><\/span>\n\t\t\t<\/p>\n\t\t<\/div>\n\t\t<div class=\"form-col\">\n\t\t\t<p><label for=\"e-posta\">correo electr\u00f3nico<\/label><br \/>\n<span class=\"wpcf7-form-control-wrap\" data-name=\"your-email\"><input size=\"40\" maxlength=\"400\" class=\"wpcf7-form-control wpcf7-email wpcf7-validates-as-required wpcf7-text wpcf7-validates-as-email form-control\" id=\"e-posta\" aria-required=\"true\" aria-invalid=\"false\" placeholder=\"ornek@mail.com\" value=\"\" type=\"email\" name=\"your-email\" \/><\/span>\n\t\t\t<\/p>\n\t\t<\/div>\n\t<\/div>\n\t<div class=\"form-row\">\n\t\t<div class=\"form-col\">\n\t\t\t<p><label for=\"telefon\">Tel\u00e9fono<\/label><br \/>\n<span class=\"wpcf7-form-control-wrap\" data-name=\"your-phone\"><input size=\"40\" maxlength=\"400\" class=\"wpcf7-form-control wpcf7-tel wpcf7-validates-as-required wpcf7-text wpcf7-validates-as-tel form-control\" id=\"telefon\" aria-required=\"true\" aria-invalid=\"false\" placeholder=\"05XX XXX XX XX\" value=\"\" type=\"tel\" name=\"your-phone\" \/><\/span>\n\t\t\t<\/p>\n\t\t<\/div>\n\t<\/div>\n\t<div class=\"form-row\">\n\t\t<div class=\"form-col\">\n\t\t\t<p><label for=\"hizmet-turu\">Servicio que le interesa<\/label><br \/>\n<span class=\"wpcf7-form-control-wrap\" data-name=\"hizmet-turu\"><select class=\"wpcf7-form-control wpcf7-select wpcf7-validates-as-required form-control\" id=\"hizmet-turu\" aria-required=\"true\" aria-invalid=\"false\" name=\"hizmet-turu\"><option value=\"\">&#8212;L\u00fctfen bir se\u00e7enek se\u00e7in&#8212;<\/option><option value=\"L\u00fctfen bir hizmet se\u00e7iniz\">Elija el servicio<\/option><option value=\"Makine Talebi (Lazer \/ CNC \/ Ta\u015flama \/ \u00d6l\u00e7\u00fcm)\">Solicitud de M\u00e1quina (L\u00e1ser \/ CNC \/ Rectificado \/ Medici\u00f3n)<\/option><option value=\"Hammadde Temini\">Suministro de Materias Primas<\/option><option value=\"2. El Makine Al\u0131\u015f \/ Sat\u0131\u015f Deste\u011fi\">Apoyo en Compra\/Venta de Maquinaria Usada<\/option><option value=\"\u00d6zel Ta\u015flama Hizmetleri\">Servicios de Rectificado Especial<\/option><option value=\"\u00d6zel \u00dcretim Z\u0131mbalar\">Producci\u00f3n de Punzones Especiales<\/option><option value=\"\u00d6zel Karb\u00fcr Tak\u0131mlar\">Producci\u00f3n de Herramientas de Carburo Especiales<\/option><option value=\"Teknik Servis \/ Dan\u0131\u015fmanl\u0131k\">Servicio T\u00e9cnico \/ Consultor\u00eda<\/option><option value=\"Di\u011fer (Belirtiniz)\">Otros (Especifique)<\/option><\/select><\/span>\n\t\t\t<\/p>\n\t\t<\/div>\n\t<\/div>\n\t<div class=\"form-row\">\n\t\t<div class=\"form-col\">\n\t\t\t<p><label for=\"aciklama\">Tus mensajes<\/label><br \/>\n<span class=\"wpcf7-form-control-wrap\" data-name=\"your-message\"><textarea cols=\"40\" rows=\"4\" maxlength=\"2000\" class=\"wpcf7-form-control wpcf7-textarea form-control\" id=\"aciklama\" aria-invalid=\"false\" placeholder=\"Puede escribir aqu\u00ed los detalles del servicio que solicita, la informaci\u00f3n del proyecto o sus preguntas...\" name=\"your-message\"><\/textarea><\/span>\n\t\t\t<\/p>\n\t\t<\/div>\n\t<\/div>\n\t<div class=\"form-row\">\n\t\t<div class=\"form-col\">\n\t\t\t<p><label for=\"dosya-yukle\">Sube los detalles de tu proyecto<\/label><br \/>\n<span class=\"wpcf7-form-control-wrap\" data-name=\"your-file\"><input size=\"40\" class=\"wpcf7-form-control wpcf7-file form-control\" id=\"dosya-yukle\" accept=\".jpg,.png,.pdf,.dwg\" aria-invalid=\"false\" type=\"file\" name=\"your-file\" \/><\/span><br \/>\n<small>Max: 10MB, T\u00fcrler: jpg, png, pdf, dwg<\/small>\n\t\t\t<\/p>\n\t\t<\/div>\n\t<\/div>\n\t<div class=\"form-submit\">\n\t\t<p><input class=\"wpcf7-form-control wpcf7-submit has-spinner btn btn-primary\" type=\"submit\" value=\"Obtener oferta\" \/>\n\t\t<\/p>\n\t<\/div>\n<\/div><div class=\"wpcf7-response-output\" aria-hidden=\"true\"><\/div>\n<input type=\"hidden\" name=\"trp-form-language\" value=\"es\"\/><\/form>\n<\/div>\n<\/div>\n\t\t\t\t\t\t<\/div>\n\t\t\t\t<\/div>\n\t\t\t\t\t<\/div>\n\t\t\t\t<\/div>\n\t\t<div class=\"elementor-element elementor-element-f4193f6 e-flex e-con-boxed e-con e-parent\" data-id=\"f4193f6\" data-element_type=\"container\">\n\t\t\t\t\t<div class=\"e-con-inner\">\n\t\t<div class=\"elementor-element elementor-element-8dc2d34 e-con-full e-flex e-con e-child\" data-id=\"8dc2d34\" data-element_type=\"container\">\n\t\t\t\t<div class=\"elementor-element elementor-element-c5c5777 elementor-widget elementor-widget-heading\" data-id=\"c5c5777\" data-element_type=\"widget\" data-settings=\"{&quot;ekit_we_effect_on&quot;:&quot;none&quot;}\" data-widget_type=\"heading.default\">\n\t\t\t\t\t<h2 class=\"elementor-heading-title elementor-size-default\">2. El Makina \u0130lanlar\u0131<\/h2>\t\t\t\t<\/div>\n\t\t\t\t<div class=\"elementor-element elementor-element-68e7e44 elementor-widget elementor-widget-button\" data-id=\"68e7e44\" data-element_type=\"widget\" data-settings=\"{&quot;ekit_we_effect_on&quot;:&quot;none&quot;}\" data-widget_type=\"button.default\">\n\t\t\t\t\t\t\t\t\t\t<a class=\"elementor-button elementor-button-link elementor-size-sm\" href=\"https:\/\/corecut.com.tr\/es\/2-el-makina-ilanlari\/\" target=\"_blank\">\n\t\t\t\t\t\t<span class=\"elementor-button-content-wrapper\">\n\t\t\t\t\t\t\t\t\t<span class=\"elementor-button-text\">T\u00fcm \u0130lanlar<\/span>\n\t\t\t\t\t<\/span>\n\t\t\t\t\t<\/a>\n\t\t\t\t\t\t\t\t<\/div>\n\t\t\t\t<\/div>\n\t\t\t\t<div class=\"elementor-element elementor-element-8a44d64 elementor-grid-2 elementor-posts--thumbnail-left elementor-grid-tablet-2 elementor-grid-mobile-1 elementor-widget elementor-widget-posts\" data-id=\"8a44d64\" data-element_type=\"widget\" data-settings=\"{&quot;classic_columns&quot;:&quot;2&quot;,&quot;classic_columns_tablet&quot;:&quot;2&quot;,&quot;classic_columns_mobile&quot;:&quot;1&quot;,&quot;classic_row_gap&quot;:{&quot;unit&quot;:&quot;px&quot;,&quot;size&quot;:35,&quot;sizes&quot;:[]},&quot;classic_row_gap_tablet&quot;:{&quot;unit&quot;:&quot;px&quot;,&quot;size&quot;:&quot;&quot;,&quot;sizes&quot;:[]},&quot;classic_row_gap_mobile&quot;:{&quot;unit&quot;:&quot;px&quot;,&quot;size&quot;:&quot;&quot;,&quot;sizes&quot;:[]},&quot;ekit_we_effect_on&quot;:&quot;none&quot;}\" data-widget_type=\"posts.classic\">\n\t\t\t\t<div class=\"elementor-widget-container\">\n\t\t\t\t\t\t\t<div class=\"elementor-posts-container elementor-posts elementor-posts--skin-classic elementor-grid\" role=\"list\">\n\t\t\t\t<article class=\"elementor-post elementor-grid-item post-8279 post type-post status-publish format-standard hentry category-ikinci-el-makinalar tag-rollomatic-630xs-2021\" role=\"listitem\">\n\t\t\t\t<div class=\"elementor-post__text\">\n\t\t\t\t<h3 class=\"elementor-post__title\">\n\t\t\t<a href=\"https:\/\/corecut.com.tr\/es\/rollomatic-630xs-2021\/\" >\n\t\t\t\tRollomatic 630XS 2021\t\t\t<\/a>\n\t\t<\/h3>\n\t\t\t\t<div class=\"elementor-post__excerpt\">\n\t\t\t<p>Letzte wartung 2024 Schleifspindel 12 KW Spannfutter Schaublin w20 Automatisches<\/p>\n\t\t<\/div>\n\t\t\t\t\t<div class=\"elementor-post__read-more-wrapper\">\n\t\t\n\t\t<a class=\"elementor-post__read-more\" href=\"https:\/\/corecut.com.tr\/es\/rollomatic-630xs-2021\/\" aria-label=\"Read more about Rollomatic 630XS 2021\" tabindex=\"-1\" >\n\t\t\tLeer m\u00e1s\t\t<\/a>\n\n\t\t\t\t\t<\/div>\n\t\t\t\t<\/div>\n\t\t\t\t<\/article>\n\t\t\t\t<article class=\"elementor-post elementor-grid-item post-8265 post type-post status-publish format-standard has-post-thumbnail hentry category-ikinci-el-makinalar tag-gebr-saacke-2008-uwie\" role=\"listitem\">\n\t\t\t\t<a class=\"elementor-post__thumbnail__link\" href=\"https:\/\/corecut.com.tr\/es\/gebr-saacke-2008-uwie\/\" tabindex=\"-1\" >\n\t\t\t<div class=\"elementor-post__thumbnail\"><img decoding=\"async\" width=\"300\" height=\"217\" src=\"https:\/\/corecut.com.tr\/wp-content\/uploads\/2025\/09\/image-20-300x217.png\" class=\"attachment-medium size-medium wp-image-8266\" alt=\"Gebr Saacke 2008 UWIE\" srcset=\"https:\/\/corecut.com.tr\/wp-content\/uploads\/2025\/09\/image-20-300x217.png 300w, https:\/\/corecut.com.tr\/wp-content\/uploads\/2025\/09\/image-20-18x12.png 18w, https:\/\/corecut.com.tr\/wp-content\/uploads\/2025\/09\/image-20.png 535w\" sizes=\"(max-width: 300px) 100vw, 300px\" \/><\/div>\n\t\t<\/a>\n\t\t\t\t<div class=\"elementor-post__text\">\n\t\t\t\t<h3 class=\"elementor-post__title\">\n\t\t\t<a href=\"https:\/\/corecut.com.tr\/es\/gebr-saacke-2008-uwie\/\" >\n\t\t\t\tGebr Saacke 2008 UWIE\t\t\t<\/a>\n\t\t<\/h3>\n\t\t\t\t<div class=\"elementor-post__excerpt\">\n\t\t\t<p>Letzte wartung 2022 Schleifspindel double side mit riemen 19 KW<\/p>\n\t\t<\/div>\n\t\t\t\t\t<div class=\"elementor-post__read-more-wrapper\">\n\t\t\n\t\t<a class=\"elementor-post__read-more\" href=\"https:\/\/corecut.com.tr\/es\/gebr-saacke-2008-uwie\/\" aria-label=\"Read more about Gebr Saacke 2008 UWIE\" tabindex=\"-1\" >\n\t\t\tLeer m\u00e1s\t\t<\/a>\n\n\t\t\t\t\t<\/div>\n\t\t\t\t<\/div>\n\t\t\t\t<\/article>\n\t\t\t\t<article class=\"elementor-post elementor-grid-item post-8260 post type-post status-publish format-standard has-post-thumbnail hentry category-ikinci-el-makinalar tag-michael-deckel-2008-s20-turbo\" role=\"listitem\">\n\t\t\t\t<a class=\"elementor-post__thumbnail__link\" href=\"https:\/\/corecut.com.tr\/es\/michael-deckel-2008-s20-turbo\/\" tabindex=\"-1\" >\n\t\t\t<div class=\"elementor-post__thumbnail\"><img decoding=\"async\" width=\"300\" height=\"214\" src=\"https:\/\/corecut.com.tr\/wp-content\/uploads\/2025\/09\/image-17-300x214.png\" class=\"attachment-medium size-medium wp-image-8261\" alt=\"\" srcset=\"https:\/\/corecut.com.tr\/wp-content\/uploads\/2025\/09\/image-17-300x214.png 300w, https:\/\/corecut.com.tr\/wp-content\/uploads\/2025\/09\/image-17-18x12.png 18w, https:\/\/corecut.com.tr\/wp-content\/uploads\/2025\/09\/image-17.png 321w\" sizes=\"(max-width: 300px) 100vw, 300px\" \/><\/div>\n\t\t<\/a>\n\t\t\t\t<div class=\"elementor-post__text\">\n\t\t\t\t<h3 class=\"elementor-post__title\">\n\t\t\t<a href=\"https:\/\/corecut.com.tr\/es\/michael-deckel-2008-s20-turbo\/\" >\n\t\t\t\tMichael Deckel 2008 S20 Turbo\t\t\t<\/a>\n\t\t<\/h3>\n\t\t\t\t<div class=\"elementor-post__excerpt\">\n\t\t\t<p>Letzte wartung General \u00fcberholt mit Beckhoff 2022 Schleifspindel 15 KW<\/p>\n\t\t<\/div>\n\t\t\t\t\t<div class=\"elementor-post__read-more-wrapper\">\n\t\t\n\t\t<a class=\"elementor-post__read-more\" href=\"https:\/\/corecut.com.tr\/es\/michael-deckel-2008-s20-turbo\/\" aria-label=\"Read more about Michael Deckel 2008 S20 Turbo\" tabindex=\"-1\" >\n\t\t\tLeer m\u00e1s\t\t<\/a>\n\n\t\t\t\t\t<\/div>\n\t\t\t\t<\/div>\n\t\t\t\t<\/article>\n\t\t\t\t<article class=\"elementor-post elementor-grid-item post-8255 post type-post status-publish format-standard has-post-thumbnail hentry category-ikinci-el-makinalar\" role=\"listitem\">\n\t\t\t\t<a class=\"elementor-post__thumbnail__link\" href=\"https:\/\/corecut.com.tr\/es\/aro-filter-2012-zwt-5351b\/\" tabindex=\"-1\" >\n\t\t\t<div class=\"elementor-post__thumbnail\"><img loading=\"lazy\" decoding=\"async\" width=\"300\" height=\"188\" src=\"https:\/\/corecut.com.tr\/wp-content\/uploads\/2025\/09\/image-15-300x188.png\" class=\"attachment-medium size-medium wp-image-8257\" alt=\"\" srcset=\"https:\/\/corecut.com.tr\/wp-content\/uploads\/2025\/09\/image-15-300x188.png 300w, https:\/\/corecut.com.tr\/wp-content\/uploads\/2025\/09\/image-15-18x12.png 18w, https:\/\/corecut.com.tr\/wp-content\/uploads\/2025\/09\/image-15.png 660w\" sizes=\"(max-width: 300px) 100vw, 300px\" \/><\/div>\n\t\t<\/a>\n\t\t\t\t<div class=\"elementor-post__text\">\n\t\t\t\t<h3 class=\"elementor-post__title\">\n\t\t\t<a href=\"https:\/\/corecut.com.tr\/es\/aro-filter-2012-zwt-5351b\/\" >\n\t\t\t\tAro Filter 2012 ZWT-5351B\t\t\t<\/a>\n\t\t<\/h3>\n\t\t\t\t<div class=\"elementor-post__excerpt\">\n\t\t\t<p>Letzte wartung NA Filter Kapazitaet 300 Lt 15 KW Chiller<\/p>\n\t\t<\/div>\n\t\t\t\t\t<div class=\"elementor-post__read-more-wrapper\">\n\t\t\n\t\t<a class=\"elementor-post__read-more\" href=\"https:\/\/corecut.com.tr\/es\/aro-filter-2012-zwt-5351b\/\" aria-label=\"Read more about Aro Filter 2012 ZWT-5351B\" tabindex=\"-1\" >\n\t\t\tLeer m\u00e1s\t\t<\/a>\n\n\t\t\t\t\t<\/div>\n\t\t\t\t<\/div>\n\t\t\t\t<\/article>\n\t\t\t\t<\/div>\n\t\t\n\t\t\t\t\t\t<\/div>\n\t\t\t\t<\/div>\n\t\t\t\t\t<\/div>\n\t\t\t\t<\/div>\n\t\t\t\t<\/div>","protected":false},"excerpt":{"rendered":"<p>TEKL\u0130F FORMU A\u00e7\u0131klamalar \u0130htiyac\u0131n\u0131za \u00f6zel \u00e7\u00f6z\u00fcmler i\u00e7in a\u015fa\u011f\u0131daki formu doldurarak bize ula\u015fabilirsiniz. Size en do\u011fru teklifi sunabilmemiz i\u00e7in hizmet ba\u015fl\u0131\u011f\u0131n\u0131z\u0131 se\u00e7ip talebinizi ayr\u0131nt\u0131l\u0131 \u015fekilde payla\u015fman\u0131z yeterli. Projenize dair teknik detaylar\u0131, \u00e7izimleri veya referans dok\u00fcmanlar\u0131n\u0131 y\u00fckleyebilir; talebinizi bize net bir \u015fekilde iletebilirsiniz. G\u00f6nderece\u011finiz t\u00fcm bilgiler,\u00a0info@corecut.com.tr\u00a0adresine do\u011frudan y\u00f6nlendirilecektir. Size en k\u0131sa s\u00fcrede d\u00f6n\u00fc\u015f yapmaktan memnuniyet duyar\u0131z. 2&#8230;.<\/p>","protected":false},"author":1,"featured_media":0,"parent":0,"menu_order":0,"comment_status":"closed","ping_status":"closed","template":"","meta":{"_kad_post_transparent":"","_kad_post_title":"","_kad_post_layout":"","_kad_post_sidebar_id":"","_kad_post_content_style":"","_kad_post_vertical_padding":"","_kad_post_feature":"","_kad_post_feature_position":"","_kad_post_header":false,"_kad_post_footer":false,"footnotes":""},"class_list":["post-7889","page","type-page","status-publish","hentry"],"_links":{"self":[{"href":"https:\/\/corecut.com.tr\/es\/wp-json\/wp\/v2\/pages\/7889","targetHints":{"allow":["GET"]}}],"collection":[{"href":"https:\/\/corecut.com.tr\/es\/wp-json\/wp\/v2\/pages"}],"about":[{"href":"https:\/\/corecut.com.tr\/es\/wp-json\/wp\/v2\/types\/page"}],"author":[{"embeddable":true,"href":"https:\/\/corecut.com.tr\/es\/wp-json\/wp\/v2\/users\/1"}],"replies":[{"embeddable":true,"href":"https:\/\/corecut.com.tr\/es\/wp-json\/wp\/v2\/comments?post=7889"}],"version-history":[{"count":41,"href":"https:\/\/corecut.com.tr\/es\/wp-json\/wp\/v2\/pages\/7889\/revisions"}],"predecessor-version":[{"id":8311,"href":"https:\/\/corecut.com.tr\/es\/wp-json\/wp\/v2\/pages\/7889\/revisions\/8311"}],"wp:attachment":[{"href":"https:\/\/corecut.com.tr\/es\/wp-json\/wp\/v2\/media?parent=7889"}],"curies":[{"name":"wp","href":"https:\/\/api.w.org\/{rel}","templated":true}]}}