{"id":3801,"date":"2015-02-01T20:19:15","date_gmt":"2015-02-01T12:19:15","guid":{"rendered":"http:\/\/www.rd-themes.com\/TheFox\/?page_id=3801"},"modified":"2025-09-22T12:21:46","modified_gmt":"2025-09-22T12:21:46","slug":"hizmetlerimiz","status":"publish","type":"page","link":"https:\/\/corecut.com.tr\/ru\/hizmetlerimiz\/","title":{"rendered":"\u041d\u0430\u0448\u0438 \u0443\u0441\u043b\u0443\u0433\u0438"},"content":{"rendered":"<div data-elementor-type=\"wp-page\" data-elementor-id=\"3801\" class=\"elementor elementor-3801\" data-elementor-post-type=\"page\">\n\t\t\t\t<div class=\"elementor-element elementor-element-641e1265 e-flex e-con-boxed e-con e-parent\" data-id=\"641e1265\" data-element_type=\"container\" data-settings=\"{&quot;background_background&quot;:&quot;classic&quot;}\">\n\t\t\t\t\t<div class=\"e-con-inner\">\n\t\t\t\t<div class=\"elementor-element elementor-element-30bfca71 elementor-widget elementor-widget-elementskit-heading\" data-id=\"30bfca71\" data-element_type=\"widget\" data-settings=\"{&quot;ekit_we_effect_on&quot;:&quot;none&quot;}\" data-widget_type=\"elementskit-heading.default\">\n\t\t\t\t\t<div class=\"ekit-wid-con\" ><div class=\"ekit-heading elementskit-section-title-wraper text_left   ekit_heading_tablet-   ekit_heading_mobile-\"><h2 class=\"ekit-heading--title elementskit-section-title\">\u041d\u0430\u0448\u0438 \u0443\u0441\u043b\u0443\u0433\u0438<\/h2><\/div><\/div>\t\t\t\t<\/div>\n\t\t\t\t\t<\/div>\n\t\t\t\t<\/div>\n\t\t\t\t<section class=\"elementor-section elementor-top-section elementor-element elementor-element-249bd42 elementor-section-boxed elementor-section-height-default elementor-section-height-default\" data-id=\"249bd42\" data-element_type=\"section\" data-settings=\"{&quot;background_background&quot;:&quot;classic&quot;}\">\n\t\t\t\t\t\t<div class=\"elementor-container elementor-column-gap-default\">\n\t\t\t\t\t<div class=\"elementor-column elementor-col-100 elementor-top-column elementor-element elementor-element-3e8ddfe\" data-id=\"3e8ddfe\" data-element_type=\"column\">\n\t\t\t<div class=\"elementor-widget-wrap elementor-element-populated\">\n\t\t\t\t\t\t<div class=\"elementor-element elementor-element-e8a4f5e elementor-invisible elementor-widget elementor-widget-elementskit-heading\" data-id=\"e8a4f5e\" data-element_type=\"widget\" data-settings=\"{&quot;_animation&quot;:&quot;fadeIn&quot;,&quot;ekit_we_effect_on&quot;:&quot;none&quot;}\" data-widget_type=\"elementskit-heading.default\">\n\t\t\t\t\t<div class=\"ekit-wid-con\" ><div class=\"ekit-heading elementskit-section-title-wraper text_center   ekit_heading_tablet-   ekit_heading_mobile-\"><h2 class=\"ekit-heading--title elementskit-section-title\">\u041a\u043e\u043c\u043f\u043b\u0435\u043a\u0441\u043d\u044b\u0435 \u0440\u0435\u0448\u0435\u043d\u0438\u044f \u0434\u043b\u044f \u0432\u0430\u0448\u0438\u0445 \u043f\u0440\u043e\u0438\u0437\u0432\u043e\u0434\u0441\u0442\u0432\u0435\u043d\u043d\u044b\u0445 \u043f\u0440\u043e\u0446\u0435\u0441\u0441\u043e\u0432<\/h2>\t\t\t\t<div class='ekit-heading__description'>\n\t\t\t\t\t<p>\u0412 \u0441\u043b\u043e\u0436\u043d\u043e\u043c \u0438 \u043c\u043d\u043e\u0433\u043e\u0443\u0440\u043e\u0432\u043d\u0435\u0432\u043e\u043c \u0445\u0430\u0440\u0430\u043a\u0442\u0435\u0440\u0435 \u0441\u043e\u0432\u0440\u0435\u043c\u0435\u043d\u043d\u043e\u0433\u043e \u043f\u0440\u043e\u0438\u0437\u0432\u043e\u0434\u0441\u0442\u0432\u0430 \u0440\u0435\u0448\u0430\u044e\u0449\u0435\u0435 \u0437\u043d\u0430\u0447\u0435\u043d\u0438\u0435 \u0434\u043b\u044f \u0443\u0441\u043f\u0435\u0445\u0430 \u0438\u043c\u0435\u044e\u0442 \u043f\u0440\u0430\u0432\u0438\u043b\u044c\u043d\u043e\u0435 \u043e\u0431\u043e\u0440\u0443\u0434\u043e\u0432\u0430\u043d\u0438\u0435, \u043a\u0430\u0447\u0435\u0441\u0442\u0432\u0435\u043d\u043d\u043e\u0435 \u0441\u044b\u0440\u044c\u0435 \u0438 \u043a\u0432\u0430\u043b\u0438\u0444\u0438\u0446\u0438\u0440\u043e\u0432\u0430\u043d\u043d\u0430\u044f \u0442\u0435\u0445\u043d\u0438\u0447\u0435\u0441\u043a\u0430\u044f \u043f\u043e\u0434\u0434\u0435\u0440\u0436\u043a\u0430. \u041a\u043e\u043c\u043f\u0430\u043d\u0438\u044f Corecut \u043f\u0440\u0435\u0434\u043b\u0430\u0433\u0430\u0435\u0442 \u043a\u043e\u043c\u043f\u043b\u0435\u043a\u0441\u043d\u044b\u0435 \u0443\u0441\u043b\u0443\u0433\u0438, \u043d\u0430\u043f\u0440\u0430\u0432\u043b\u0435\u043d\u043d\u044b\u0435 \u043d\u0430 \u0443\u043a\u0440\u0435\u043f\u043b\u0435\u043d\u0438\u0435 \u043a\u0430\u0436\u0434\u043e\u0433\u043e \u0437\u0432\u0435\u043d\u0430 \u0432\u0430\u0448\u0435\u0433\u043e \u043f\u0440\u043e\u0438\u0437\u0432\u043e\u0434\u0441\u0442\u0432\u0435\u043d\u043d\u043e\u0433\u043e \u043f\u0440\u043e\u0446\u0435\u0441\u0441\u0430.<\/p>\n\t\t\t\t<\/div>\n\t\t\t<\/div><\/div>\t\t\t\t<\/div>\n\t\t<div class=\"elementor-element elementor-element-a0a290e e-grid e-con-boxed elementor-invisible e-con e-parent\" data-id=\"a0a290e\" data-element_type=\"container\" data-settings=\"{&quot;animation&quot;:&quot;bounceInUp&quot;}\">\n\t\t\t\t\t<div class=\"e-con-inner\">\n\t\t\t\t<div class=\"elementor-element elementor-element-ce83390 ekit-equal-height-disable elementor-widget elementor-widget-elementskit-icon-box\" data-id=\"ce83390\" data-element_type=\"widget\" data-settings=\"{&quot;ekit_we_effect_on&quot;:&quot;none&quot;}\" data-widget_type=\"elementskit-icon-box.default\">\n\t\t\t\t\t<div class=\"ekit-wid-con\" >        <!-- link opening -->\n                <a href=\"https:\/\/corecut.com.tr\/ru\/teklif-al\/\" class=\"ekit_global_links\">\n                <!-- end link opening -->\n\n        <div class=\"elementskit-infobox text-center text- icon-top-align elementor-animation-  gradient-active  hover_from_left\">\n                    <div class=\"elementskit-box-header elementor-animation-\">\n                <div class=\"elementskit-info-box-icon\">\n                    <i aria-hidden=\"true\" class=\"elementkit-infobox-icon icon icon-sewing-machine\"><\/i>\n                <\/div>\n          <\/div>\n                        <div class=\"box-body\">\n                            <h3 class=\"elementskit-info-box-title\">\n                    \u041f\u0440\u0435\u0434\u0441\u0442\u0430\u0432\u0438\u0442\u0435\u043b\u044c\u0441\u0442\u0432\u043e \u0441\u0442\u0430\u043d\u043a\u043e\u0432                <\/h3>\n                        \t\t  \t<p>\u041c\u044b \u0432\u044b\u0432\u043e\u0434\u0438\u043c \u043d\u0430 \u0442\u0443\u0440\u0435\u0446\u043a\u0438\u0439 \u0440\u044b\u043d\u043e\u043a \u0441\u0442\u0430\u043d\u043a\u0438 \u0432\u0435\u0434\u0443\u0449\u0438\u0445 \u043c\u0438\u0440\u043e\u0432\u044b\u0445 \u043f\u0440\u043e\u0438\u0437\u0432\u043e\u0434\u0438\u0442\u0435\u043b\u0435\u0439 \u0438 \u043e\u0431\u0435\u0441\u043f\u0435\u0447\u0438\u0432\u0430\u0435\u043c \u043a\u043e\u043c\u043f\u043b\u0435\u043a\u0441\u043d\u0443\u044e \u043f\u043e\u0434\u0434\u0435\u0440\u0436\u043a\u0443 \u0434\u043e \u0438 \u043f\u043e\u0441\u043b\u0435 \u043f\u0440\u043e\u0434\u0430\u0436\u0438.<\/p>\n                                <\/div>\n        \n        <div class=\"icon-hover\">\n            <i aria-hidden=\"true\" class=\"icon icon-settings\"><\/i>        <\/div>\n\n        \n        \n                <\/div>\n                <\/a>\n        <\/div>\t\t\t\t<\/div>\n\t\t\t\t<div class=\"elementor-element elementor-element-03e5a0d ekit-equal-height-disable elementor-widget elementor-widget-elementskit-icon-box\" data-id=\"03e5a0d\" data-element_type=\"widget\" data-settings=\"{&quot;ekit_we_effect_on&quot;:&quot;none&quot;}\" data-widget_type=\"elementskit-icon-box.default\">\n\t\t\t\t\t<div class=\"ekit-wid-con\" >        <!-- link opening -->\n                <a href=\"https:\/\/corecut.com.tr\/ru\/teklif-al\/\" class=\"ekit_global_links\">\n                <!-- end link opening -->\n\n        <div class=\"elementskit-infobox text-center text- icon-top-align elementor-animation-  gradient-active  hover_from_top\">\n                    <div class=\"elementskit-box-header elementor-animation-\">\n                <div class=\"elementskit-info-box-icon\">\n                    <svg aria-hidden=\"true\" class=\"elementkit-infobox-icon e-font-icon-svg e-fas-sync-alt\" viewbox=\"0 0 512 512\" xmlns=\"http:\/\/www.w3.org\/2000\/svg\"><path d=\"M370.72 133.28C339.458 104.008 298.888 87.962 255.848 88c-77.458.068-144.328 53.178-162.791 126.85-1.344 5.363-6.122 9.15-11.651 9.15H24.103c-7.498 0-13.194-6.807-11.807-14.176C33.933 94.924 134.813 8 256 8c66.448 0 126.791 26.136 171.315 68.685L463.03 40.97C478.149 25.851 504 36.559 504 57.941V192c0 13.255-10.745 24-24 24H345.941c-21.382 0-32.09-25.851-16.971-40.971l41.75-41.749zM32 296h134.059c21.382 0 32.09 25.851 16.971 40.971l-41.75 41.75c31.262 29.273 71.835 45.319 114.876 45.28 77.418-.07 144.315-53.144 162.787-126.849 1.344-5.363 6.122-9.15 11.651-9.15h57.304c7.498 0 13.194 6.807 11.807 14.176C478.067 417.076 377.187 504 256 504c-66.448 0-126.791-26.136-171.315-68.685L48.97 471.03C33.851 486.149 8 475.441 8 454.059V320c0-13.255 10.745-24 24-24z\"><\/path><\/svg>\n                <\/div>\n          <\/div>\n                        <div class=\"box-body\">\n                            <h3 class=\"elementskit-info-box-title\">\n                    \u041f\u043e\u0434\u0434\u0435\u0440\u0436\u043a\u0430 \u043f\u043e\u043a\u0443\u043f\u043a\u0438\/\u043f\u0440\u043e\u0434\u0430\u0436\u0438 \u043f\u043e\u0434\u0435\u0440\u0436\u0430\u043d\u043d\u044b\u0445 \u0441\u0442\u0430\u043d\u043a\u043e\u0432                <\/h3>\n                        \t\t  \t<p>\u041c\u044b \u0432\u044b\u0441\u0442\u0443\u043f\u0430\u0435\u043c \u043f\u043e\u0441\u0440\u0435\u0434\u043d\u0438\u043a\u0430\u043c\u0438 \u0432 \u043d\u0430\u0434\u0451\u0436\u043d\u044b\u0445 \u0441\u0434\u0435\u043b\u043a\u0430\u0445 \u043f\u043e \u043f\u043e\u043a\u0443\u043f\u043a\u0435 \u0438 \u043f\u0440\u043e\u0434\u0430\u0436\u0435 \u043f\u043e\u0434\u0435\u0440\u0436\u0430\u043d\u043d\u043e\u0433\u043e \u043e\u0431\u043e\u0440\u0443\u0434\u043e\u0432\u0430\u043d\u0438\u044f, \u0441\u043e\u0435\u0434\u0438\u043d\u044f\u044f \u043d\u0443\u0436\u043d\u044b\u0439 \u0441\u0442\u0430\u043d\u043e\u043a \u0441 \u043d\u0443\u0436\u043d\u044b\u043c \u043f\u043e\u043a\u0443\u043f\u0430\u0442\u0435\u043b\u0435\u043c.<\/p>\n                                <\/div>\n        \n        <div class=\"icon-hover\">\n            <i aria-hidden=\"true\" class=\"icon icon-settings\"><\/i>        <\/div>\n\n        \n        \n                <\/div>\n                <\/a>\n        <\/div>\t\t\t\t<\/div>\n\t\t\t\t<div class=\"elementor-element elementor-element-c993940 ekit-equal-height-disable elementor-widget elementor-widget-elementskit-icon-box\" data-id=\"c993940\" data-element_type=\"widget\" data-settings=\"{&quot;ekit_we_effect_on&quot;:&quot;none&quot;}\" data-widget_type=\"elementskit-icon-box.default\">\n\t\t\t\t\t<div class=\"ekit-wid-con\" >        <!-- link opening -->\n                <a href=\"https:\/\/corecut.com.tr\/ru\/teklif-al\/\" class=\"ekit_global_links\">\n                <!-- end link opening -->\n\n        <div class=\"elementskit-infobox text-center text- icon-top-align elementor-animation-  gradient-active  hover_from_right\">\n                    <div class=\"elementskit-box-header elementor-animation-\">\n                <div class=\"elementskit-info-box-icon\">\n                    <svg aria-hidden=\"true\" class=\"elementkit-infobox-icon e-font-icon-svg e-fas-cubes\" viewbox=\"0 0 512 512\" xmlns=\"http:\/\/www.w3.org\/2000\/svg\"><path d=\"M488.6 250.2L392 214V105.5c0-15-9.3-28.4-23.4-33.7l-100-37.5c-8.1-3.1-17.1-3.1-25.3 0l-100 37.5c-14.1 5.3-23.4 18.7-23.4 33.7V214l-96.6 36.2C9.3 255.5 0 268.9 0 283.9V394c0 13.6 7.7 26.1 19.9 32.2l100 50c10.1 5.1 22.1 5.1 32.2 0l103.9-52 103.9 52c10.1 5.1 22.1 5.1 32.2 0l100-50c12.2-6.1 19.9-18.6 19.9-32.2V283.9c0-15-9.3-28.4-23.4-33.7zM358 214.8l-85 31.9v-68.2l85-37v73.3zM154 104.1l102-38.2 102 38.2v.6l-102 41.4-102-41.4v-.6zm84 291.1l-85 42.5v-79.1l85-38.8v75.4zm0-112l-102 41.4-102-41.4v-.6l102-38.2 102 38.2v.6zm240 112l-85 42.5v-79.1l85-38.8v75.4zm0-112l-102 41.4-102-41.4v-.6l102-38.2 102 38.2v.6z\"><\/path><\/svg>\n                <\/div>\n          <\/div>\n                        <div class=\"box-body\">\n                            <h3 class=\"elementskit-info-box-title\">\n                    \u041f\u043e\u0441\u0442\u0430\u0432\u043a\u0430 \u0441\u044b\u0440\u044c\u044f                <\/h3>\n                        \t\t  \t<p>\u041c\u044b \u043e\u0431\u0435\u0441\u043f\u0435\u0447\u0438\u0432\u0430\u0435\u043c \u043e\u0442\u0440\u0430\u0441\u043b\u044c \u0432\u044b\u0441\u043e\u043a\u043e\u043a\u0430\u0447\u0435\u0441\u0442\u0432\u0435\u043d\u043d\u044b\u043c \u0441\u044b\u0440\u044c\u0451\u043c \u0431\u043b\u0430\u0433\u043e\u0434\u0430\u0440\u044f \u043d\u0430\u0448\u0438\u043c \u043c\u0435\u0436\u0434\u0443\u043d\u0430\u0440\u043e\u0434\u043d\u044b\u043c \u043f\u0430\u0440\u0442\u043d\u0451\u0440\u0430\u043c.<\/p>\n                                <\/div>\n        \n        <div class=\"icon-hover\">\n            <i aria-hidden=\"true\" class=\"icon icon-settings\"><\/i>        <\/div>\n\n        \n        \n                <\/div>\n                <\/a>\n        <\/div>\t\t\t\t<\/div>\n\t\t\t\t<div class=\"elementor-element elementor-element-b8a1c0e ekit-equal-height-disable elementor-widget elementor-widget-elementskit-icon-box\" data-id=\"b8a1c0e\" data-element_type=\"widget\" data-settings=\"{&quot;ekit_we_effect_on&quot;:&quot;none&quot;}\" data-widget_type=\"elementskit-icon-box.default\">\n\t\t\t\t\t<div class=\"ekit-wid-con\" >        <!-- link opening -->\n                <a href=\"https:\/\/corecut.com.tr\/ru\/teklif-al\/\" class=\"ekit_global_links\">\n                <!-- end link opening -->\n\n        <div class=\"elementskit-infobox text-center text- icon-top-align elementor-animation-  gradient-active  hover_from_left\">\n                    <div class=\"elementskit-box-header elementor-animation-\">\n                <div class=\"elementskit-info-box-icon\">\n                    <svg aria-hidden=\"true\" class=\"elementkit-infobox-icon e-font-icon-svg e-far-gem\" viewbox=\"0 0 576 512\" xmlns=\"http:\/\/www.w3.org\/2000\/svg\"><path d=\"M464 0H112c-4 0-7.8 2-10 5.4L2 152.6c-2.9 4.4-2.6 10.2.7 14.2l276 340.8c4.8 5.9 13.8 5.9 18.6 0l276-340.8c3.3-4.1 3.6-9.8.7-14.2L474.1 5.4C471.8 2 468.1 0 464 0zm-19.3 48l63.3 96h-68.4l-51.7-96h56.8zm-202.1 0h90.7l51.7 96H191l51.6-96zm-111.3 0h56.8l-51.7 96H68l63.3-96zm-43 144h51.4L208 352 88.3 192zm102.9 0h193.6L288 435.3 191.2 192zM368 352l68.2-160h51.4L368 352z\"><\/path><\/svg>\n                <\/div>\n          <\/div>\n                        <div class=\"box-body\">\n                            <h3 class=\"elementskit-info-box-title\">\n                    \u0421\u043f\u0435\u0446\u0438\u0430\u043b\u044c\u043d\u044b\u0435 \u0448\u043b\u0438\u0444\u043e\u0432\u0430\u043b\u044c\u043d\u044b\u0435 \u0443\u0441\u043b\u0443\u0433\u0438                <\/h3>\n                        \t\t  \t<p>\u041c\u044b \u0432\u044b\u043f\u043e\u043b\u043d\u044f\u0435\u043c \u0448\u043b\u0438\u0444\u043e\u0432\u043a\u0443 \u0441\u043b\u043e\u0436\u043d\u043e\u0439 \u0433\u0435\u043e\u043c\u0435\u0442\u0440\u0438\u0438 \u0441 \u043d\u0435\u0441\u0442\u0430\u043d\u0434\u0430\u0440\u0442\u043d\u044b\u043c\u0438 \u0440\u0430\u0437\u043c\u0435\u0440\u0430\u043c\u0438 \u0438 \u0432\u044b\u0441\u043e\u043a\u0438\u043c\u0438 \u0434\u043e\u043f\u0443\u0441\u043a\u0430\u043c\u0438.\n<\/p>\n                                <\/div>\n        \n        <div class=\"icon-hover\">\n            <i aria-hidden=\"true\" class=\"icon icon-settings\"><\/i>        <\/div>\n\n        \n        \n                <\/div>\n                <\/a>\n        <\/div>\t\t\t\t<\/div>\n\t\t\t\t<div class=\"elementor-element elementor-element-1087f8c ekit-equal-height-disable elementor-widget elementor-widget-elementskit-icon-box\" data-id=\"1087f8c\" data-element_type=\"widget\" data-settings=\"{&quot;ekit_we_effect_on&quot;:&quot;none&quot;}\" data-widget_type=\"elementskit-icon-box.default\">\n\t\t\t\t\t<div class=\"ekit-wid-con\" >        <!-- link opening -->\n                <a href=\"https:\/\/corecut.com.tr\/ru\/teklif-al\/\" class=\"ekit_global_links\">\n                <!-- end link opening -->\n\n        <div class=\"elementskit-infobox text-center text- icon-top-align elementor-animation-  gradient-active  hover_from_bottom\">\n                    <div class=\"elementskit-box-header elementor-animation-\">\n                <div class=\"elementskit-info-box-icon\">\n                    <i aria-hidden=\"true\" class=\"elementkit-infobox-icon icon icon-hamburger-2\"><\/i>\n                <\/div>\n          <\/div>\n                        <div class=\"box-body\">\n                            <h3 class=\"elementskit-info-box-title\">\n                    \u041f\u0440\u043e\u0438\u0437\u0432\u043e\u0434\u0441\u0442\u0432\u043e \u0441\u043f\u0435\u0446\u0438\u0430\u043b\u044c\u043d\u044b\u0445 \u043f\u0443\u0430\u043d\u0441\u043e\u043d\u043e\u0432                <\/h3>\n                        \t\t  \t<p>\u041c\u044b \u0438\u0437\u0433\u043e\u0442\u0430\u0432\u043b\u0438\u0432\u0430\u0435\u043c \u043f\u0443\u0430\u043d\u0441\u043e\u043d\u044b, \u0441\u043f\u0435\u0446\u0438\u0430\u043b\u044c\u043d\u043e \u0441\u043f\u0440\u043e\u0435\u043a\u0442\u0438\u0440\u043e\u0432\u0430\u043d\u043d\u044b\u0435 \u0434\u043b\u044f \u0432\u0430\u0448\u0438\u0445 \u043f\u0440\u043e\u0438\u0437\u0432\u043e\u0434\u0441\u0442\u0432\u0435\u043d\u043d\u044b\u0445 \u043f\u0440\u043e\u0446\u0435\u0441\u0441\u043e\u0432.<\/p>\n                                <\/div>\n        \n        <div class=\"icon-hover\">\n            <i aria-hidden=\"true\" class=\"icon icon-settings\"><\/i>        <\/div>\n\n        \n        \n                <\/div>\n                <\/a>\n        <\/div>\t\t\t\t<\/div>\n\t\t\t\t<div class=\"elementor-element elementor-element-d5dc1af ekit-equal-height-disable elementor-widget elementor-widget-elementskit-icon-box\" data-id=\"d5dc1af\" data-element_type=\"widget\" data-settings=\"{&quot;ekit_we_effect_on&quot;:&quot;none&quot;}\" data-widget_type=\"elementskit-icon-box.default\">\n\t\t\t\t\t<div class=\"ekit-wid-con\" >        <!-- link opening -->\n                <a href=\"https:\/\/corecut.com.tr\/ru\/teklif-al\/\" class=\"ekit_global_links\">\n                <!-- end link opening -->\n\n        <div class=\"elementskit-infobox text-center text- icon-top-align elementor-animation-  gradient-active  hover_from_right\">\n                    <div class=\"elementskit-box-header elementor-animation-\">\n                <div class=\"elementskit-info-box-icon\">\n                    <svg aria-hidden=\"true\" class=\"elementkit-infobox-icon e-font-icon-svg e-fas-cogs\" viewbox=\"0 0 640 512\" xmlns=\"http:\/\/www.w3.org\/2000\/svg\"><path d=\"M512.1 191l-8.2 14.3c-3 5.3-9.4 7.5-15.1 5.4-11.8-4.4-22.6-10.7-32.1-18.6-4.6-3.8-5.8-10.5-2.8-15.7l8.2-14.3c-6.9-8-12.3-17.3-15.9-27.4h-16.5c-6 0-11.2-4.3-12.2-10.3-2-12-2.1-24.6 0-37.1 1-6 6.2-10.4 12.2-10.4h16.5c3.6-10.1 9-19.4 15.9-27.4l-8.2-14.3c-3-5.2-1.9-11.9 2.8-15.7 9.5-7.9 20.4-14.2 32.1-18.6 5.7-2.1 12.1.1 15.1 5.4l8.2 14.3c10.5-1.9 21.2-1.9 31.7 0L552 6.3c3-5.3 9.4-7.5 15.1-5.4 11.8 4.4 22.6 10.7 32.1 18.6 4.6 3.8 5.8 10.5 2.8 15.7l-8.2 14.3c6.9 8 12.3 17.3 15.9 27.4h16.5c6 0 11.2 4.3 12.2 10.3 2 12 2.1 24.6 0 37.1-1 6-6.2 10.4-12.2 10.4h-16.5c-3.6 10.1-9 19.4-15.9 27.4l8.2 14.3c3 5.2 1.9 11.9-2.8 15.7-9.5 7.9-20.4 14.2-32.1 18.6-5.7 2.1-12.1-.1-15.1-5.4l-8.2-14.3c-10.4 1.9-21.2 1.9-31.7 0zm-10.5-58.8c38.5 29.6 82.4-14.3 52.8-52.8-38.5-29.7-82.4 14.3-52.8 52.8zM386.3 286.1l33.7 16.8c10.1 5.8 14.5 18.1 10.5 29.1-8.9 24.2-26.4 46.4-42.6 65.8-7.4 8.9-20.2 11.1-30.3 5.3l-29.1-16.8c-16 13.7-34.6 24.6-54.9 31.7v33.6c0 11.6-8.3 21.6-19.7 23.6-24.6 4.2-50.4 4.4-75.9 0-11.5-2-20-11.9-20-23.6V418c-20.3-7.2-38.9-18-54.9-31.7L74 403c-10 5.8-22.9 3.6-30.3-5.3-16.2-19.4-33.3-41.6-42.2-65.7-4-10.9.4-23.2 10.5-29.1l33.3-16.8c-3.9-20.9-3.9-42.4 0-63.4L12 205.8c-10.1-5.8-14.6-18.1-10.5-29 8.9-24.2 26-46.4 42.2-65.8 7.4-8.9 20.2-11.1 30.3-5.3l29.1 16.8c16-13.7 34.6-24.6 54.9-31.7V57.1c0-11.5 8.2-21.5 19.6-23.5 24.6-4.2 50.5-4.4 76-.1 11.5 2 20 11.9 20 23.6v33.6c20.3 7.2 38.9 18 54.9 31.7l29.1-16.8c10-5.8 22.9-3.6 30.3 5.3 16.2 19.4 33.2 41.6 42.1 65.8 4 10.9.1 23.2-10 29.1l-33.7 16.8c3.9 21 3.9 42.5 0 63.5zm-117.6 21.1c59.2-77-28.7-164.9-105.7-105.7-59.2 77 28.7 164.9 105.7 105.7zm243.4 182.7l-8.2 14.3c-3 5.3-9.4 7.5-15.1 5.4-11.8-4.4-22.6-10.7-32.1-18.6-4.6-3.8-5.8-10.5-2.8-15.7l8.2-14.3c-6.9-8-12.3-17.3-15.9-27.4h-16.5c-6 0-11.2-4.3-12.2-10.3-2-12-2.1-24.6 0-37.1 1-6 6.2-10.4 12.2-10.4h16.5c3.6-10.1 9-19.4 15.9-27.4l-8.2-14.3c-3-5.2-1.9-11.9 2.8-15.7 9.5-7.9 20.4-14.2 32.1-18.6 5.7-2.1 12.1.1 15.1 5.4l8.2 14.3c10.5-1.9 21.2-1.9 31.7 0l8.2-14.3c3-5.3 9.4-7.5 15.1-5.4 11.8 4.4 22.6 10.7 32.1 18.6 4.6 3.8 5.8 10.5 2.8 15.7l-8.2 14.3c6.9 8 12.3 17.3 15.9 27.4h16.5c6 0 11.2 4.3 12.2 10.3 2 12 2.1 24.6 0 37.1-1 6-6.2 10.4-12.2 10.4h-16.5c-3.6 10.1-9 19.4-15.9 27.4l8.2 14.3c3 5.2 1.9 11.9-2.8 15.7-9.5 7.9-20.4 14.2-32.1 18.6-5.7 2.1-12.1-.1-15.1-5.4l-8.2-14.3c-10.4 1.9-21.2 1.9-31.7 0zM501.6 431c38.5 29.6 82.4-14.3 52.8-52.8-38.5-29.6-82.4 14.3-52.8 52.8z\"><\/path><\/svg>\n                <\/div>\n          <\/div>\n                        <div class=\"box-body\">\n                            <h3 class=\"elementskit-info-box-title\">\n                    \u041f\u0440\u043e\u0438\u0437\u0432\u043e\u0434\u0441\u0442\u0432\u043e \u0441\u043f\u0435\u0446\u0438\u0430\u043b\u044c\u043d\u044b\u0445 \u0442\u0432\u0435\u0440\u0434\u043e\u0441\u043f\u043b\u0430\u0432\u043d\u044b\u0445 \u0438\u043d\u0441\u0442\u0440\u0443\u043c\u0435\u043d\u0442\u043e\u0432                <\/h3>\n                        \t\t  \t<p>\u041c\u044b \u0440\u0430\u0437\u0440\u0430\u0431\u0430\u0442\u044b\u0432\u0430\u0435\u043c \u0442\u0432\u0435\u0440\u0434\u043e\u0441\u043f\u043b\u0430\u0432\u043d\u044b\u0439 \u0438\u043d\u0441\u0442\u0440\u0443\u043c\u0435\u043d\u0442 \u043f\u043e \u0438\u043d\u0434\u0438\u0432\u0438\u0434\u0443\u0430\u043b\u044c\u043d\u044b\u043c \u0442\u0440\u0435\u0431\u043e\u0432\u0430\u043d\u0438\u044f\u043c, \u0447\u0442\u043e\u0431\u044b \u043f\u043e\u0432\u044b\u0441\u0438\u0442\u044c \u044d\u0444\u0444\u0435\u043a\u0442\u0438\u0432\u043d\u043e\u0441\u0442\u044c \u0432\u0430\u0448\u0438\u0445 \u043f\u0440\u043e\u0446\u0435\u0441\u0441\u043e\u0432.<\/p>\n                                <\/div>\n        \n        <div class=\"icon-hover\">\n            <i aria-hidden=\"true\" class=\"icon icon-settings\"><\/i>        <\/div>\n\n        \n        \n                <\/div>\n                <\/a>\n        <\/div>\t\t\t\t<\/div>\n\t\t\t\t\t<\/div>\n\t\t\t\t<\/div>\n\t\t\t\t\t<\/div>\n\t\t<\/div>\n\t\t\t\t\t<\/div>\n\t\t<\/section>\n\t\t\t\t<\/div>","protected":false},"excerpt":{"rendered":"<p>Hizmetlerimiz \u00dcretim S\u00fcre\u00e7leriniz \u0130\u00e7in Tek Noktada, Entegre \u00c7\u00f6z\u00fcmler Modern \u00fcretimin karma\u015f\u0131k ve \u00e7ok katmanl\u0131 yap\u0131s\u0131nda, do\u011fru ekipman, kaliteli hammadde ve uzman teknik destek ba\u015far\u0131 i\u00e7in kritik \u00f6neme sahiptir. Corecut olarak, \u00fcretim s\u00fcrecinizin her bir halkas\u0131n\u0131 g\u00fc\u00e7lendirmek i\u00e7in tasarlanm\u0131\u015f kapsaml\u0131 hizmetler sunuyoruz. Makine Temsilcili\u011fi D\u00fcnya \u00e7ap\u0131nda \u00f6nde gelen \u00fcreticilerin tezg\u00e2hlar\u0131n\u0131 T\u00fcrkiye pazar\u0131na sunuyor, sat\u0131\u015f \u00f6ncesi ve&#8230;<\/p>","protected":false},"author":1,"featured_media":0,"parent":0,"menu_order":0,"comment_status":"closed","ping_status":"closed","template":"","meta":{"_kad_post_transparent":"","_kad_post_title":"","_kad_post_layout":"","_kad_post_sidebar_id":"","_kad_post_content_style":"","_kad_post_vertical_padding":"","_kad_post_feature":"","_kad_post_feature_position":"","_kad_post_header":false,"_kad_post_footer":false,"footnotes":""},"class_list":["post-3801","page","type-page","status-publish","hentry"],"_links":{"self":[{"href":"https:\/\/corecut.com.tr\/ru\/wp-json\/wp\/v2\/pages\/3801","targetHints":{"allow":["GET"]}}],"collection":[{"href":"https:\/\/corecut.com.tr\/ru\/wp-json\/wp\/v2\/pages"}],"about":[{"href":"https:\/\/corecut.com.tr\/ru\/wp-json\/wp\/v2\/types\/page"}],"author":[{"embeddable":true,"href":"https:\/\/corecut.com.tr\/ru\/wp-json\/wp\/v2\/users\/1"}],"replies":[{"embeddable":true,"href":"https:\/\/corecut.com.tr\/ru\/wp-json\/wp\/v2\/comments?post=3801"}],"version-history":[{"count":59,"href":"https:\/\/corecut.com.tr\/ru\/wp-json\/wp\/v2\/pages\/3801\/revisions"}],"predecessor-version":[{"id":8346,"href":"https:\/\/corecut.com.tr\/ru\/wp-json\/wp\/v2\/pages\/3801\/revisions\/8346"}],"wp:attachment":[{"href":"https:\/\/corecut.com.tr\/ru\/wp-json\/wp\/v2\/media?parent=3801"}],"curies":[{"name":"wp","href":"https:\/\/api.w.org\/{rel}","templated":true}]}}